{"id":109,"date":"2021-09-14T06:07:54","date_gmt":"2021-09-14T04:07:54","guid":{"rendered":"http:\/\/neu.ararat-restaurant.de\/?post_type=product&#038;p=109"},"modified":"2025-10-06T13:57:13","modified_gmt":"2025-10-06T11:57:13","slug":"44-istakoz-izgara","status":"publish","type":"product","link":"https:\/\/neu.ararat-restaurant.de\/index.php\/product\/44-istakoz-izgara\/","title":{"rendered":"44 Istakoz Izgara"},"content":{"rendered":"<p>Scampis vom Grill mit Wei\u00dfwein-Knoblauchso\u00dfe dazu Gem\u00fcsereis und gemischten Salat<\/p>\n","protected":false},"excerpt":{"rendered":"<p>Scampis vom Grill mit Wei\u00dfwein-Knoblauchso\u00dfe dazu Gem\u00fcsereis und gemischten Salat<\/p>\n","protected":false},"featured_media":214,"comment_status":"open","ping_status":"closed","template":"","meta":{"om_disable_all_campaigns":false,"_mi_skip_tracking":false,"_monsterinsights_sitenote_active":false,"_monsterinsights_sitenote_note":"","_monsterinsights_sitenote_category":0,"spay_email":""},"product_cat":[29],"product_tag":[],"_links":{"self":[{"href":"https:\/\/neu.ararat-restaurant.de\/index.php\/wp-json\/wp\/v2\/product\/109"}],"collection":[{"href":"https:\/\/neu.ararat-restaurant.de\/index.php\/wp-json\/wp\/v2\/product"}],"about":[{"href":"https:\/\/neu.ararat-restaurant.de\/index.php\/wp-json\/wp\/v2\/types\/product"}],"replies":[{"embeddable":true,"href":"https:\/\/neu.ararat-restaurant.de\/index.php\/wp-json\/wp\/v2\/comments?post=109"}],"wp:featuredmedia":[{"embeddable":true,"href":"https:\/\/neu.ararat-restaurant.de\/index.php\/wp-json\/wp\/v2\/media\/214"}],"wp:attachment":[{"href":"https:\/\/neu.ararat-restaurant.de\/index.php\/wp-json\/wp\/v2\/media?parent=109"}],"wp:term":[{"taxonomy":"product_cat","embeddable":true,"href":"https:\/\/neu.ararat-restaurant.de\/index.php\/wp-json\/wp\/v2\/product_cat?post=109"},{"taxonomy":"product_tag","embeddable":true,"href":"https:\/\/neu.ararat-restaurant.de\/index.php\/wp-json\/wp\/v2\/product_tag?post=109"}],"curies":[{"name":"wp","href":"https:\/\/api.w.org\/{rel}","templated":true}]}}