{"id":114,"date":"2021-09-14T06:10:12","date_gmt":"2021-09-14T04:10:12","guid":{"rendered":"http:\/\/neu.ararat-restaurant.de\/?post_type=product&#038;p=114"},"modified":"2025-10-06T13:56:28","modified_gmt":"2025-10-06T11:56:28","slug":"46-tavuklu-makarna","status":"publish","type":"product","link":"https:\/\/neu.ararat-restaurant.de\/index.php\/product\/46-tavuklu-makarna\/","title":{"rendered":"46 Tavuklu Makarna"},"content":{"rendered":"<p>Rigatoni mit geschnetzeltem H\u00e4hnchenbrustfilet in Tomatencremeso\u00dfe und K\u00e4se<\/p>\n","protected":false},"excerpt":{"rendered":"<p>Rigatoni mit geschnetzeltem H\u00e4hnchenbrustfilet in Tomatencremeso\u00dfe und K\u00e4se<\/p>\n","protected":false},"featured_media":113,"comment_status":"open","ping_status":"closed","template":"","meta":{"om_disable_all_campaigns":false,"_mi_skip_tracking":false,"_monsterinsights_sitenote_active":false,"_monsterinsights_sitenote_note":"","_monsterinsights_sitenote_category":0,"spay_email":""},"product_cat":[30],"product_tag":[],"_links":{"self":[{"href":"https:\/\/neu.ararat-restaurant.de\/index.php\/wp-json\/wp\/v2\/product\/114"}],"collection":[{"href":"https:\/\/neu.ararat-restaurant.de\/index.php\/wp-json\/wp\/v2\/product"}],"about":[{"href":"https:\/\/neu.ararat-restaurant.de\/index.php\/wp-json\/wp\/v2\/types\/product"}],"replies":[{"embeddable":true,"href":"https:\/\/neu.ararat-restaurant.de\/index.php\/wp-json\/wp\/v2\/comments?post=114"}],"wp:featuredmedia":[{"embeddable":true,"href":"https:\/\/neu.ararat-restaurant.de\/index.php\/wp-json\/wp\/v2\/media\/113"}],"wp:attachment":[{"href":"https:\/\/neu.ararat-restaurant.de\/index.php\/wp-json\/wp\/v2\/media?parent=114"}],"wp:term":[{"taxonomy":"product_cat","embeddable":true,"href":"https:\/\/neu.ararat-restaurant.de\/index.php\/wp-json\/wp\/v2\/product_cat?post=114"},{"taxonomy":"product_tag","embeddable":true,"href":"https:\/\/neu.ararat-restaurant.de\/index.php\/wp-json\/wp\/v2\/product_tag?post=114"}],"curies":[{"name":"wp","href":"https:\/\/api.w.org\/{rel}","templated":true}]}}