{"id":20,"date":"2021-09-13T17:35:10","date_gmt":"2021-09-13T15:35:10","guid":{"rendered":"http:\/\/neu.ararat-restaurant.de\/?post_type=product&#038;p=20"},"modified":"2025-10-06T14:14:16","modified_gmt":"2025-10-06T12:14:16","slug":"05-sarma","status":"publish","type":"product","link":"https:\/\/neu.ararat-restaurant.de\/index.php\/product\/05-sarma\/","title":{"rendered":"05 Sarma"},"content":{"rendered":"<p>Weinbergbl\u00e4tter gef\u00fcllt mit Rinderhackfleisch mit Joghurt-Knoblauchso\u00dfe dazu Fladenbrot<\/p>\n","protected":false},"excerpt":{"rendered":"<p>Weinbergbl\u00e4tter gef\u00fcllt mit Rinderhackfleisch mit Joghurt-Knoblauchso\u00dfe dazu Fladenbrot<\/p>\n","protected":false},"featured_media":27,"comment_status":"open","ping_status":"closed","template":"","meta":{"om_disable_all_campaigns":false,"_mi_skip_tracking":false,"_monsterinsights_sitenote_active":false,"_monsterinsights_sitenote_note":"","_monsterinsights_sitenote_category":0,"spay_email":""},"product_cat":[20],"product_tag":[],"_links":{"self":[{"href":"https:\/\/neu.ararat-restaurant.de\/index.php\/wp-json\/wp\/v2\/product\/20"}],"collection":[{"href":"https:\/\/neu.ararat-restaurant.de\/index.php\/wp-json\/wp\/v2\/product"}],"about":[{"href":"https:\/\/neu.ararat-restaurant.de\/index.php\/wp-json\/wp\/v2\/types\/product"}],"replies":[{"embeddable":true,"href":"https:\/\/neu.ararat-restaurant.de\/index.php\/wp-json\/wp\/v2\/comments?post=20"}],"wp:featuredmedia":[{"embeddable":true,"href":"https:\/\/neu.ararat-restaurant.de\/index.php\/wp-json\/wp\/v2\/media\/27"}],"wp:attachment":[{"href":"https:\/\/neu.ararat-restaurant.de\/index.php\/wp-json\/wp\/v2\/media?parent=20"}],"wp:term":[{"taxonomy":"product_cat","embeddable":true,"href":"https:\/\/neu.ararat-restaurant.de\/index.php\/wp-json\/wp\/v2\/product_cat?post=20"},{"taxonomy":"product_tag","embeddable":true,"href":"https:\/\/neu.ararat-restaurant.de\/index.php\/wp-json\/wp\/v2\/product_tag?post=20"}],"curies":[{"name":"wp","href":"https:\/\/api.w.org\/{rel}","templated":true}]}}