{"id":29,"date":"2021-09-13T17:48:28","date_gmt":"2021-09-13T15:48:28","guid":{"rendered":"http:\/\/neu.ararat-restaurant.de\/?post_type=product&#038;p=29"},"modified":"2025-10-06T14:14:00","modified_gmt":"2025-10-06T12:14:00","slug":"06-sigara-boregi","status":"publish","type":"product","link":"https:\/\/neu.ararat-restaurant.de\/index.php\/product\/06-sigara-boregi\/","title":{"rendered":"06 Sigara B\u00f6regi"},"content":{"rendered":"<p>Teigr\u00f6llchen gef\u00fcllt mit angemachten Schafsk\u00e4se<\/p>\n","protected":false},"excerpt":{"rendered":"<p>Teigr\u00f6llchen gef\u00fcllt mit angemachten Schafsk\u00e4se<\/p>\n","protected":false},"featured_media":34,"comment_status":"open","ping_status":"closed","template":"","meta":{"om_disable_all_campaigns":false,"_mi_skip_tracking":false,"_monsterinsights_sitenote_active":false,"_monsterinsights_sitenote_note":"","_monsterinsights_sitenote_category":0,"spay_email":""},"product_cat":[20],"product_tag":[],"_links":{"self":[{"href":"https:\/\/neu.ararat-restaurant.de\/index.php\/wp-json\/wp\/v2\/product\/29"}],"collection":[{"href":"https:\/\/neu.ararat-restaurant.de\/index.php\/wp-json\/wp\/v2\/product"}],"about":[{"href":"https:\/\/neu.ararat-restaurant.de\/index.php\/wp-json\/wp\/v2\/types\/product"}],"replies":[{"embeddable":true,"href":"https:\/\/neu.ararat-restaurant.de\/index.php\/wp-json\/wp\/v2\/comments?post=29"}],"wp:featuredmedia":[{"embeddable":true,"href":"https:\/\/neu.ararat-restaurant.de\/index.php\/wp-json\/wp\/v2\/media\/34"}],"wp:attachment":[{"href":"https:\/\/neu.ararat-restaurant.de\/index.php\/wp-json\/wp\/v2\/media?parent=29"}],"wp:term":[{"taxonomy":"product_cat","embeddable":true,"href":"https:\/\/neu.ararat-restaurant.de\/index.php\/wp-json\/wp\/v2\/product_cat?post=29"},{"taxonomy":"product_tag","embeddable":true,"href":"https:\/\/neu.ararat-restaurant.de\/index.php\/wp-json\/wp\/v2\/product_tag?post=29"}],"curies":[{"name":"wp","href":"https:\/\/api.w.org\/{rel}","templated":true}]}}