{"id":60,"date":"2021-09-13T18:27:20","date_gmt":"2021-09-13T16:27:20","guid":{"rendered":"http:\/\/neu.ararat-restaurant.de\/?post_type=product&#038;p=60"},"modified":"2025-10-06T14:08:07","modified_gmt":"2025-10-06T12:08:07","slug":"19-vegitopf","status":"publish","type":"product","link":"https:\/\/neu.ararat-restaurant.de\/index.php\/product\/19-vegitopf\/","title":{"rendered":"19  Vegitopf"},"content":{"rendered":"<p>Broccoli, Blumenkohl, Champignons und Zucchini in Wei\u00dfwein-Sahneso\u00dfe im Steinofen mit K\u00e4se \u00fcberbacken dazu Fladenbrot oder Knoblauchkartoffeln<\/p>\n","protected":false},"excerpt":{"rendered":"<p>Broccoli, Blumenkohl, Champignons und Zucchini in Wei\u00dfwein-Sahneso\u00dfe im Steinofen mit K\u00e4se \u00fcberbacken dazu Fladenbrot oder Knoblauchkartoffeln<\/p>\n","protected":false},"featured_media":61,"comment_status":"open","ping_status":"closed","template":"","meta":{"om_disable_all_campaigns":false,"_mi_skip_tracking":false,"_monsterinsights_sitenote_active":false,"_monsterinsights_sitenote_note":"","_monsterinsights_sitenote_category":0,"spay_email":""},"product_cat":[22],"product_tag":[],"_links":{"self":[{"href":"https:\/\/neu.ararat-restaurant.de\/index.php\/wp-json\/wp\/v2\/product\/60"}],"collection":[{"href":"https:\/\/neu.ararat-restaurant.de\/index.php\/wp-json\/wp\/v2\/product"}],"about":[{"href":"https:\/\/neu.ararat-restaurant.de\/index.php\/wp-json\/wp\/v2\/types\/product"}],"replies":[{"embeddable":true,"href":"https:\/\/neu.ararat-restaurant.de\/index.php\/wp-json\/wp\/v2\/comments?post=60"}],"wp:featuredmedia":[{"embeddable":true,"href":"https:\/\/neu.ararat-restaurant.de\/index.php\/wp-json\/wp\/v2\/media\/61"}],"wp:attachment":[{"href":"https:\/\/neu.ararat-restaurant.de\/index.php\/wp-json\/wp\/v2\/media?parent=60"}],"wp:term":[{"taxonomy":"product_cat","embeddable":true,"href":"https:\/\/neu.ararat-restaurant.de\/index.php\/wp-json\/wp\/v2\/product_cat?post=60"},{"taxonomy":"product_tag","embeddable":true,"href":"https:\/\/neu.ararat-restaurant.de\/index.php\/wp-json\/wp\/v2\/product_tag?post=60"}],"curies":[{"name":"wp","href":"https:\/\/api.w.org\/{rel}","templated":true}]}}