{"id":64,"date":"2021-09-13T18:31:28","date_gmt":"2021-09-13T16:31:28","guid":{"rendered":"http:\/\/neu.ararat-restaurant.de\/?post_type=product&#038;p=64"},"modified":"2025-10-06T14:07:21","modified_gmt":"2025-10-06T12:07:21","slug":"21-kabak-dolma","status":"publish","type":"product","link":"https:\/\/neu.ararat-restaurant.de\/index.php\/product\/21-kabak-dolma\/","title":{"rendered":"21 Kabak Dolma"},"content":{"rendered":"<p>Zucchinis gef\u00fcllt mit angemachten Rinderhackfleisch in Tomatenso\u00dfe im Steinofen mit K\u00e4se \u00fcberbacken mit Knoblauch-Joghurtso\u00dfe dazu Fladenbrot oder Knoblauchkartoffeln<\/p>\n","protected":false},"excerpt":{"rendered":"<p>Zucchinis gef\u00fcllt mit angemachten Rinderhackfleisch in Tomatenso\u00dfe im Steinofen mit K\u00e4se \u00fcberbacken mit Knoblauch-Joghurtso\u00dfe dazu Fladenbrot oder Knoblauchkartoffeln<\/p>\n","protected":false},"featured_media":207,"comment_status":"open","ping_status":"closed","template":"","meta":{"om_disable_all_campaigns":false,"_mi_skip_tracking":false,"_monsterinsights_sitenote_active":false,"_monsterinsights_sitenote_note":"","_monsterinsights_sitenote_category":0,"spay_email":""},"product_cat":[23],"product_tag":[],"_links":{"self":[{"href":"https:\/\/neu.ararat-restaurant.de\/index.php\/wp-json\/wp\/v2\/product\/64"}],"collection":[{"href":"https:\/\/neu.ararat-restaurant.de\/index.php\/wp-json\/wp\/v2\/product"}],"about":[{"href":"https:\/\/neu.ararat-restaurant.de\/index.php\/wp-json\/wp\/v2\/types\/product"}],"replies":[{"embeddable":true,"href":"https:\/\/neu.ararat-restaurant.de\/index.php\/wp-json\/wp\/v2\/comments?post=64"}],"wp:featuredmedia":[{"embeddable":true,"href":"https:\/\/neu.ararat-restaurant.de\/index.php\/wp-json\/wp\/v2\/media\/207"}],"wp:attachment":[{"href":"https:\/\/neu.ararat-restaurant.de\/index.php\/wp-json\/wp\/v2\/media?parent=64"}],"wp:term":[{"taxonomy":"product_cat","embeddable":true,"href":"https:\/\/neu.ararat-restaurant.de\/index.php\/wp-json\/wp\/v2\/product_cat?post=64"},{"taxonomy":"product_tag","embeddable":true,"href":"https:\/\/neu.ararat-restaurant.de\/index.php\/wp-json\/wp\/v2\/product_tag?post=64"}],"curies":[{"name":"wp","href":"https:\/\/api.w.org\/{rel}","templated":true}]}}