{"id":70,"date":"2021-09-13T18:38:50","date_gmt":"2021-09-13T16:38:50","guid":{"rendered":"http:\/\/neu.ararat-restaurant.de\/?post_type=product&#038;p=70"},"modified":"2025-10-06T14:04:13","modified_gmt":"2025-10-06T12:04:13","slug":"23-mantarli-pilic-guvec","status":"publish","type":"product","link":"https:\/\/neu.ararat-restaurant.de\/index.php\/product\/23-mantarli-pilic-guvec\/","title":{"rendered":"23 Mantarli Pilic G\u00fcvec"},"content":{"rendered":"<p>Geschnetzeltes H\u00e4hnchenbrustfilet mit frischen Champignons und Blumenkohl in Wei\u00dfweinsahneso\u00dfe im Steinofen mit K\u00e4se \u00fcberbacken dazu Fladenbrot oder Knoblauchkartoffeln<\/p>\n","protected":false},"excerpt":{"rendered":"<p>Geschnetzeltes H\u00e4hnchenbrustfilet mit frischen Champignons und Blumenkohl in Wei\u00dfweinsahneso\u00dfe im Steinofen mit K\u00e4se \u00fcberbacken dazu Fladenbrot oder Knoblauchkartoffeln<\/p>\n","protected":false},"featured_media":61,"comment_status":"open","ping_status":"closed","template":"","meta":{"om_disable_all_campaigns":false,"_mi_skip_tracking":false,"_monsterinsights_sitenote_active":false,"_monsterinsights_sitenote_note":"","_monsterinsights_sitenote_category":0,"spay_email":""},"product_cat":[24],"product_tag":[],"_links":{"self":[{"href":"https:\/\/neu.ararat-restaurant.de\/index.php\/wp-json\/wp\/v2\/product\/70"}],"collection":[{"href":"https:\/\/neu.ararat-restaurant.de\/index.php\/wp-json\/wp\/v2\/product"}],"about":[{"href":"https:\/\/neu.ararat-restaurant.de\/index.php\/wp-json\/wp\/v2\/types\/product"}],"replies":[{"embeddable":true,"href":"https:\/\/neu.ararat-restaurant.de\/index.php\/wp-json\/wp\/v2\/comments?post=70"}],"wp:featuredmedia":[{"embeddable":true,"href":"https:\/\/neu.ararat-restaurant.de\/index.php\/wp-json\/wp\/v2\/media\/61"}],"wp:attachment":[{"href":"https:\/\/neu.ararat-restaurant.de\/index.php\/wp-json\/wp\/v2\/media?parent=70"}],"wp:term":[{"taxonomy":"product_cat","embeddable":true,"href":"https:\/\/neu.ararat-restaurant.de\/index.php\/wp-json\/wp\/v2\/product_cat?post=70"},{"taxonomy":"product_tag","embeddable":true,"href":"https:\/\/neu.ararat-restaurant.de\/index.php\/wp-json\/wp\/v2\/product_tag?post=70"}],"curies":[{"name":"wp","href":"https:\/\/api.w.org\/{rel}","templated":true}]}}