{"id":72,"date":"2021-09-13T18:40:13","date_gmt":"2021-09-13T16:40:13","guid":{"rendered":"http:\/\/neu.ararat-restaurant.de\/?post_type=product&#038;p=72"},"modified":"2025-10-06T14:05:31","modified_gmt":"2025-10-06T12:05:31","slug":"24-amerikan-dandi","status":"publish","type":"product","link":"https:\/\/neu.ararat-restaurant.de\/index.php\/product\/24-amerikan-dandi\/","title":{"rendered":"24 Amerikan Dandi"},"content":{"rendered":"<p>H\u00e4hnchenbrustfilet, Champignons und Zwiebeln in der Pfanne gebraten mit K\u00e4se \u00fcberbacken in Wei\u00dfweinsahneso\u00dfe dazu Knoblauchkartoffeln und Cacik<\/p>\n","protected":false},"excerpt":{"rendered":"<p>H\u00e4hnchenbrustfilet, Champignons und Zwiebeln in der Pfanne gebraten mit K\u00e4se \u00fcberbacken in Wei\u00dfweinsahneso\u00dfe dazu Knoblauchkartoffeln und Cacik<\/p>\n","protected":false},"featured_media":201,"comment_status":"open","ping_status":"closed","template":"","meta":{"om_disable_all_campaigns":false,"_mi_skip_tracking":false,"_monsterinsights_sitenote_active":false,"_monsterinsights_sitenote_note":"","_monsterinsights_sitenote_category":0,"spay_email":""},"product_cat":[24],"product_tag":[],"_links":{"self":[{"href":"https:\/\/neu.ararat-restaurant.de\/index.php\/wp-json\/wp\/v2\/product\/72"}],"collection":[{"href":"https:\/\/neu.ararat-restaurant.de\/index.php\/wp-json\/wp\/v2\/product"}],"about":[{"href":"https:\/\/neu.ararat-restaurant.de\/index.php\/wp-json\/wp\/v2\/types\/product"}],"replies":[{"embeddable":true,"href":"https:\/\/neu.ararat-restaurant.de\/index.php\/wp-json\/wp\/v2\/comments?post=72"}],"wp:featuredmedia":[{"embeddable":true,"href":"https:\/\/neu.ararat-restaurant.de\/index.php\/wp-json\/wp\/v2\/media\/201"}],"wp:attachment":[{"href":"https:\/\/neu.ararat-restaurant.de\/index.php\/wp-json\/wp\/v2\/media?parent=72"}],"wp:term":[{"taxonomy":"product_cat","embeddable":true,"href":"https:\/\/neu.ararat-restaurant.de\/index.php\/wp-json\/wp\/v2\/product_cat?post=72"},{"taxonomy":"product_tag","embeddable":true,"href":"https:\/\/neu.ararat-restaurant.de\/index.php\/wp-json\/wp\/v2\/product_tag?post=72"}],"curies":[{"name":"wp","href":"https:\/\/api.w.org\/{rel}","templated":true}]}}