{"id":76,"date":"2021-09-13T18:42:50","date_gmt":"2021-09-13T16:42:50","guid":{"rendered":"http:\/\/neu.ararat-restaurant.de\/?post_type=product&#038;p=76"},"modified":"2025-10-06T14:04:57","modified_gmt":"2025-10-06T12:04:57","slug":"26-sahan-kofte","status":"publish","type":"product","link":"https:\/\/neu.ararat-restaurant.de\/index.php\/product\/26-sahan-kofte\/","title":{"rendered":"26 Sahan K\u00f6fte"},"content":{"rendered":"<p>Pikant gew\u00fcrzte Rinderhackfleischfrikadelle mit gemischtem Gem\u00fcse in Tomatenso\u00dfe im Steinofen \u00fcberbacken dazu Fladenbrot<\/p>\n","protected":false},"excerpt":{"rendered":"<p>Pikant gew\u00fcrzte Rinderhackfleischfrikadelle mit gemischtem Gem\u00fcse in Tomatenso\u00dfe im Steinofen \u00fcberbacken dazu Fladenbrot<\/p>\n","protected":false},"featured_media":77,"comment_status":"open","ping_status":"closed","template":"","meta":{"om_disable_all_campaigns":false,"_mi_skip_tracking":false,"_monsterinsights_sitenote_active":false,"_monsterinsights_sitenote_note":"","_monsterinsights_sitenote_category":0,"spay_email":""},"product_cat":[25],"product_tag":[],"_links":{"self":[{"href":"https:\/\/neu.ararat-restaurant.de\/index.php\/wp-json\/wp\/v2\/product\/76"}],"collection":[{"href":"https:\/\/neu.ararat-restaurant.de\/index.php\/wp-json\/wp\/v2\/product"}],"about":[{"href":"https:\/\/neu.ararat-restaurant.de\/index.php\/wp-json\/wp\/v2\/types\/product"}],"replies":[{"embeddable":true,"href":"https:\/\/neu.ararat-restaurant.de\/index.php\/wp-json\/wp\/v2\/comments?post=76"}],"wp:featuredmedia":[{"embeddable":true,"href":"https:\/\/neu.ararat-restaurant.de\/index.php\/wp-json\/wp\/v2\/media\/77"}],"wp:attachment":[{"href":"https:\/\/neu.ararat-restaurant.de\/index.php\/wp-json\/wp\/v2\/media?parent=76"}],"wp:term":[{"taxonomy":"product_cat","embeddable":true,"href":"https:\/\/neu.ararat-restaurant.de\/index.php\/wp-json\/wp\/v2\/product_cat?post=76"},{"taxonomy":"product_tag","embeddable":true,"href":"https:\/\/neu.ararat-restaurant.de\/index.php\/wp-json\/wp\/v2\/product_tag?post=76"}],"curies":[{"name":"wp","href":"https:\/\/api.w.org\/{rel}","templated":true}]}}