{"id":78,"date":"2021-09-13T18:45:04","date_gmt":"2021-09-13T16:45:04","guid":{"rendered":"http:\/\/neu.ararat-restaurant.de\/?post_type=product&#038;p=78"},"modified":"2025-10-06T14:04:38","modified_gmt":"2025-10-06T12:04:38","slug":"27-peynirli-kofte","status":"publish","type":"product","link":"https:\/\/neu.ararat-restaurant.de\/index.php\/product\/27-peynirli-kofte\/","title":{"rendered":"27 Peynirli K\u00f6fte"},"content":{"rendered":"<p>Gebratene Rinderhackfleischfrikadelle in Wei\u00dfweinsahneso\u00dfe mit K\u00e4se \u00fcberbacken dazu Knoblauchkartoffeln<\/p>\n","protected":false},"excerpt":{"rendered":"<p>Gebratene Rinderhackfleischfrikadelle in Wei\u00dfweinsahneso\u00dfe mit K\u00e4se \u00fcberbacken dazu Knoblauchkartoffeln<\/p>\n","protected":false},"featured_media":213,"comment_status":"open","ping_status":"closed","template":"","meta":{"om_disable_all_campaigns":false,"_mi_skip_tracking":false,"_monsterinsights_sitenote_active":false,"_monsterinsights_sitenote_note":"","_monsterinsights_sitenote_category":0,"spay_email":""},"product_cat":[25],"product_tag":[],"_links":{"self":[{"href":"https:\/\/neu.ararat-restaurant.de\/index.php\/wp-json\/wp\/v2\/product\/78"}],"collection":[{"href":"https:\/\/neu.ararat-restaurant.de\/index.php\/wp-json\/wp\/v2\/product"}],"about":[{"href":"https:\/\/neu.ararat-restaurant.de\/index.php\/wp-json\/wp\/v2\/types\/product"}],"replies":[{"embeddable":true,"href":"https:\/\/neu.ararat-restaurant.de\/index.php\/wp-json\/wp\/v2\/comments?post=78"}],"wp:featuredmedia":[{"embeddable":true,"href":"https:\/\/neu.ararat-restaurant.de\/index.php\/wp-json\/wp\/v2\/media\/213"}],"wp:attachment":[{"href":"https:\/\/neu.ararat-restaurant.de\/index.php\/wp-json\/wp\/v2\/media?parent=78"}],"wp:term":[{"taxonomy":"product_cat","embeddable":true,"href":"https:\/\/neu.ararat-restaurant.de\/index.php\/wp-json\/wp\/v2\/product_cat?post=78"},{"taxonomy":"product_tag","embeddable":true,"href":"https:\/\/neu.ararat-restaurant.de\/index.php\/wp-json\/wp\/v2\/product_tag?post=78"}],"curies":[{"name":"wp","href":"https:\/\/api.w.org\/{rel}","templated":true}]}}