{"id":85,"date":"2021-09-13T18:50:19","date_gmt":"2021-09-13T16:50:19","guid":{"rendered":"http:\/\/neu.ararat-restaurant.de\/?post_type=product&#038;p=85"},"modified":"2025-10-06T14:02:49","modified_gmt":"2025-10-06T12:02:49","slug":"31-makarnali-sigir-guvec","status":"publish","type":"product","link":"https:\/\/neu.ararat-restaurant.de\/index.php\/product\/31-makarnali-sigir-guvec\/","title":{"rendered":"31 Makarnali Sigir G\u00fcvec"},"content":{"rendered":"<p>Geschnetzeltes zartes Rindfleisch mit Nudeln in Tomaten-Worchestersauce im Steinofen mit K\u00e4se \u00fcberbacken dazu Knoblauch-Joghurtso\u00dfe<\/p>\n","protected":false},"excerpt":{"rendered":"<p>Geschnetzeltes zartes Rindfleisch mit Nudeln in Tomaten-Worchestersauce im Steinofen mit K\u00e4se \u00fcberbacken dazu Knoblauch-Joghurtso\u00dfe<\/p>\n","protected":false},"featured_media":83,"comment_status":"open","ping_status":"closed","template":"","meta":{"om_disable_all_campaigns":false,"_mi_skip_tracking":false,"_monsterinsights_sitenote_active":false,"_monsterinsights_sitenote_note":"","_monsterinsights_sitenote_category":0,"spay_email":""},"product_cat":[26],"product_tag":[],"_links":{"self":[{"href":"https:\/\/neu.ararat-restaurant.de\/index.php\/wp-json\/wp\/v2\/product\/85"}],"collection":[{"href":"https:\/\/neu.ararat-restaurant.de\/index.php\/wp-json\/wp\/v2\/product"}],"about":[{"href":"https:\/\/neu.ararat-restaurant.de\/index.php\/wp-json\/wp\/v2\/types\/product"}],"replies":[{"embeddable":true,"href":"https:\/\/neu.ararat-restaurant.de\/index.php\/wp-json\/wp\/v2\/comments?post=85"}],"wp:featuredmedia":[{"embeddable":true,"href":"https:\/\/neu.ararat-restaurant.de\/index.php\/wp-json\/wp\/v2\/media\/83"}],"wp:attachment":[{"href":"https:\/\/neu.ararat-restaurant.de\/index.php\/wp-json\/wp\/v2\/media?parent=85"}],"wp:term":[{"taxonomy":"product_cat","embeddable":true,"href":"https:\/\/neu.ararat-restaurant.de\/index.php\/wp-json\/wp\/v2\/product_cat?post=85"},{"taxonomy":"product_tag","embeddable":true,"href":"https:\/\/neu.ararat-restaurant.de\/index.php\/wp-json\/wp\/v2\/product_tag?post=85"}],"curies":[{"name":"wp","href":"https:\/\/api.w.org\/{rel}","templated":true}]}}